{"id":1257,"date":"2019-10-28T06:00:32","date_gmt":"2019-10-28T06:00:32","guid":{"rendered":"https:\/\/www.theandorraninvestor.eu\/?page_id=1257"},"modified":"2023-11-28T11:07:30","modified_gmt":"2023-11-28T11:07:30","slug":"qui-soc","status":"publish","type":"page","link":"https:\/\/www.theandorraninvestor.eu\/ca\/qui-soc\/","title":{"rendered":"Qui s\u00f3c"},"content":{"rendered":"\t\t<div data-elementor-type=\"wp-page\" data-elementor-id=\"1257\" class=\"elementor elementor-1257 elementor-565\">\n\t\t\t\t<div class=\"elementor-element elementor-element-3c3fc458 e-flex e-con-boxed wpr-particle-no wpr-jarallax-no wpr-parallax-no wpr-sticky-section-no wpr-equal-height-no e-con e-parent\" data-id=\"3c3fc458\" data-element_type=\"container\" data-e-type=\"container\" data-settings=\"{&quot;background_background&quot;:&quot;classic&quot;}\">\n\t\t\t\t\t<div class=\"e-con-inner\">\n\t\t<div class=\"elementor-element elementor-element-3aafed43 e-con-full e-flex wpr-particle-no wpr-jarallax-no wpr-parallax-no wpr-sticky-section-no wpr-equal-height-no e-con e-child\" data-id=\"3aafed43\" data-element_type=\"container\" data-e-type=\"container\">\n\t\t\t\t<div class=\"elementor-element elementor-element-5eb15793 elementor-widget elementor-widget-heading\" data-id=\"5eb15793\" data-element_type=\"widget\" data-e-type=\"widget\" data-widget_type=\"heading.default\">\n\t\t\t\t<div class=\"elementor-widget-container\">\n\t\t\t\t\t<h1 class=\"elementor-heading-title elementor-size-default\">QUI HI HA AL DARRERE DE THE ANDORRAN INVESTOR?<\/h1>\t\t\t\t<\/div>\n\t\t\t\t<\/div>\n\t\t\t\t<div class=\"elementor-element elementor-element-3845eb6 elementor-widget elementor-widget-text-editor\" data-id=\"3845eb6\" data-element_type=\"widget\" data-e-type=\"widget\" data-widget_type=\"text-editor.default\">\n\t\t\t\t<div class=\"elementor-widget-container\">\n\t\t\t\t\t\t\t\t\t<p>Salutacions. Em dic David i s\u00f3c un andorr\u00e0 prou gran com per a tenir moltes m\u00e9s canes que no voldria. Aquest \u00e9s el meu primer projecte comercial a internet i em fa molta il\u00b7lusi\u00f3 presentar-lo al m\u00f3n. Em van caldre m\u00e9s de sis mesos per a engegar-lo!<\/p>\t\t\t\t\t\t\t\t<\/div>\n\t\t\t\t<\/div>\n\t\t\t\t<\/div>\n\t\t<div class=\"elementor-element elementor-element-643a53a0 e-con-full e-flex wpr-particle-no wpr-jarallax-no wpr-parallax-no wpr-sticky-section-no wpr-equal-height-no e-con e-child\" data-id=\"643a53a0\" data-element_type=\"container\" data-e-type=\"container\">\n\t\t\t\t<div class=\"elementor-element elementor-element-a9ca096 elementor-widget elementor-widget-video\" data-id=\"a9ca096\" data-element_type=\"widget\" data-e-type=\"widget\" data-settings=\"{&quot;youtube_url&quot;:&quot;https:\\\/\\\/youtu.be\\\/TBmiDeer-YI?si=5UuGviwjqmfEov21&quot;,&quot;video_type&quot;:&quot;youtube&quot;,&quot;controls&quot;:&quot;yes&quot;}\" data-widget_type=\"video.default\">\n\t\t\t\t<div class=\"elementor-widget-container\">\n\t\t\t\t\t\t\t<div class=\"elementor-wrapper elementor-open-inline\">\n\t\t\t<div class=\"elementor-video\"><\/div>\t\t<\/div>\n\t\t\t\t\t\t<\/div>\n\t\t\t\t<\/div>\n\t\t\t\t<\/div>\n\t\t\t\t\t<\/div>\n\t\t\t\t<\/div>\n\t\t<div class=\"elementor-element elementor-element-6a0a6633 e-flex e-con-boxed wpr-particle-no wpr-jarallax-no wpr-parallax-no wpr-sticky-section-no wpr-equal-height-no e-con e-parent\" data-id=\"6a0a6633\" data-element_type=\"container\" data-e-type=\"container\" id=\"next\" data-settings=\"{&quot;background_background&quot;:&quot;classic&quot;}\">\n\t\t\t\t\t<div class=\"e-con-inner\">\n\t\t\t\t<div class=\"elementor-element elementor-element-6db5123 elementor-widget elementor-widget-text-editor\" data-id=\"6db5123\" data-element_type=\"widget\" data-e-type=\"widget\" data-widget_type=\"text-editor.default\">\n\t\t\t\t<div class=\"elementor-widget-container\">\n\t\t\t\t\t\t\t\t\t<p>Com aviat notar\u00e0s, si no ho has fet ja, aquest no \u00e9s un lloc de gamma alta amb un gran pressupost al darrere. No tenia diners (ni els tinc encara) per a llogar tota la gent que cal per a crear una p\u00e0gina web comercial triple A. Sense tenir-ne cap experi\u00e8ncia pr\u00e8via, he hagut d\u2019aprendre edici\u00f3 de v\u00eddeo, gesti\u00f3 de VPS, gesti\u00f3 de hosting web i una mica programaci\u00f3 de wordpress. No est\u00e0 gens malament per a alg\u00fa que no sap ni tenir un compte personal de Facebook. Per tant, si us plau, no siguis massa dur i dona\u2019m un vot de confian\u00e7a! \ud83d\ude42<\/p><p>Si vols saber m\u00e9s sobre la hist\u00f2ria que hi ha darrere de theandorraninvestor.eu, pots veure aquest v\u00eddeo de presentaci\u00f3 al meu\u00a0<a href=\"https:\/\/www.youtube.com\/channel\/UCY5wBm2FXbNykhK7XgTjmkw\" target=\"_blank\" rel=\"noopener\">canal de Youtube<\/a>. All\u00e0 en penjar\u00e9 de nous regularment. Tots els v\u00eddeos que trobar\u00e0s en aquest web o al meu canal estan subtitulats en castell\u00e0 i no en catal\u00e0. Subtitular \u00e9s una feinada que em treu molt de temps i ara mateix no em puc permetre de fer-ho per a una segona llengua. Disculpa\u2019m i no pensis en cap moment que la menyspreo, senzillament \u00e9s que, com que tots parlem tamb\u00e9 castell\u00e0, de moment prefereixo dedicar els meus esfor\u00e7os i temps limitat a mantenir aquest projecte viu. Merci per la teva comprensi\u00f3.<\/p><div class=\"et_pb_module et_pb_text et_pb_text_0 et_pb_text_align_left et_pb_bg_layout_light\"><div class=\"et_pb_text_inner\"><p>Gr\u00e0cies per visitar el meu web i no dubtis a\u00a0<a href=\"\/ca\/contactam-i-faq\/\">contactar-me<\/a> per a qualsevol consulta.<\/p><\/div><\/div>\t\t\t\t\t\t\t\t<\/div>\n\t\t\t\t<\/div>\n\t\t\t\t\t<\/div>\n\t\t\t\t<\/div>\n\t\t\t\t<\/div>\n\t\t","protected":false},"excerpt":{"rendered":"<p>QUI HI HA AL DARRERE DE THE ANDORRAN INVESTOR? Salutacions. Em dic David i s\u00f3c un andorr\u00e0 prou gran com per a tenir moltes m\u00e9s canes que no voldria. Aquest \u00e9s el meu primer projecte comercial a internet i em fa molta il\u00b7lusi\u00f3 presentar-lo al m\u00f3n. Em van caldre m\u00e9s de sis mesos per a engegar-lo! https:\/\/youtu.be\/TBmiDeer-YI?si=5UuGviwjqmfEov21 Com aviat notar\u00e0s, si no ho has fet ja, aquest no \u00e9s un lloc de gamma alta amb un gran pressupost al darrere. No tenia diners (ni els tinc encara) per a llogar tota la gent que cal per a crear una p\u00e0gina web comercial triple A. Sense tenir-ne cap experi\u00e8ncia pr\u00e8via, he hagut d\u2019aprendre edici\u00f3 de v\u00eddeo, gesti\u00f3 de VPS, gesti\u00f3 de hosting web i una mica programaci\u00f3 de wordpress. No est\u00e0 gens malament per a alg\u00fa que no sap ni tenir un compte personal de Facebook. Per tant, si us plau, no siguis massa dur i dona\u2019m un vot de confian\u00e7a! ? Si vols saber m\u00e9s sobre la hist\u00f2ria que hi ha darrere de theandorraninvestor.eu, pots veure aquest v\u00eddeo de presentaci\u00f3 al meu\u00a0canal de Youtube. All\u00e0 en penjar\u00e9 de nous regularment. Tots els v\u00eddeos que trobar\u00e0s en aquest web o al meu canal estan subtitulats en castell\u00e0 i no en catal\u00e0. Subtitular \u00e9s una feinada que em treu molt de temps i ara mateix no em puc permetre de fer-ho per a una segona llengua. Disculpa\u2019m i no pensis en cap moment que la menyspreo, senzillament \u00e9s que, com que tots parlem tamb\u00e9 castell\u00e0, de moment prefereixo dedicar els meus esfor\u00e7os i temps limitat a mantenir aquest projecte viu. Merci per la teva comprensi\u00f3. Gr\u00e0cies per visitar el meu web i no dubtis a\u00a0contactar-me per a qualsevol consulta.<\/p>\n","protected":false},"author":2,"featured_media":0,"parent":0,"menu_order":0,"comment_status":"closed","ping_status":"closed","template":"elementor_header_footer","meta":{"ocean_post_layout":"","ocean_both_sidebars_style":"","ocean_both_sidebars_content_width":0,"ocean_both_sidebars_sidebars_width":0,"ocean_sidebar":"0","ocean_second_sidebar":"0","ocean_disable_margins":"enable","ocean_add_body_class":"","ocean_shortcode_before_top_bar":"","ocean_shortcode_after_top_bar":"","ocean_shortcode_before_header":"","ocean_shortcode_after_header":"","ocean_has_shortcode":"","ocean_shortcode_after_title":"","ocean_shortcode_before_footer_widgets":"","ocean_shortcode_after_footer_widgets":"","ocean_shortcode_before_footer_bottom":"","ocean_shortcode_after_footer_bottom":"","ocean_display_top_bar":"default","ocean_display_header":"default","ocean_header_style":"","ocean_center_header_left_menu":"0","ocean_custom_header_template":"0","ocean_custom_logo":0,"ocean_custom_retina_logo":0,"ocean_custom_logo_max_width":0,"ocean_custom_logo_tablet_max_width":0,"ocean_custom_logo_mobile_max_width":0,"ocean_custom_logo_max_height":0,"ocean_custom_logo_tablet_max_height":0,"ocean_custom_logo_mobile_max_height":0,"ocean_header_custom_menu":"0","ocean_menu_typo_font_family":"0","ocean_menu_typo_font_subset":"","ocean_menu_typo_font_size":0,"ocean_menu_typo_font_size_tablet":0,"ocean_menu_typo_font_size_mobile":0,"ocean_menu_typo_font_size_unit":"px","ocean_menu_typo_font_weight":"","ocean_menu_typo_font_weight_tablet":"","ocean_menu_typo_font_weight_mobile":"","ocean_menu_typo_transform":"","ocean_menu_typo_transform_tablet":"","ocean_menu_typo_transform_mobile":"","ocean_menu_typo_line_height":0,"ocean_menu_typo_line_height_tablet":0,"ocean_menu_typo_line_height_mobile":0,"ocean_menu_typo_line_height_unit":"","ocean_menu_typo_spacing":0,"ocean_menu_typo_spacing_tablet":0,"ocean_menu_typo_spacing_mobile":0,"ocean_menu_typo_spacing_unit":"","ocean_menu_link_color":"","ocean_menu_link_color_hover":"","ocean_menu_link_color_active":"","ocean_menu_link_background":"","ocean_menu_link_hover_background":"","ocean_menu_link_active_background":"","ocean_menu_social_links_bg":"","ocean_menu_social_hover_links_bg":"","ocean_menu_social_links_color":"","ocean_menu_social_hover_links_color":"","ocean_disable_title":"on","ocean_disable_heading":"default","ocean_post_title":"","ocean_post_subheading":"","ocean_post_title_style":"","ocean_post_title_background_color":"","ocean_post_title_background":0,"ocean_post_title_bg_image_position":"","ocean_post_title_bg_image_attachment":"","ocean_post_title_bg_image_repeat":"","ocean_post_title_bg_image_size":"","ocean_post_title_height":0,"ocean_post_title_bg_overlay":0.5,"ocean_post_title_bg_overlay_color":"","ocean_disable_breadcrumbs":"default","ocean_breadcrumbs_color":"","ocean_breadcrumbs_separator_color":"","ocean_breadcrumbs_links_color":"","ocean_breadcrumbs_links_hover_color":"","ocean_display_footer_widgets":"default","ocean_display_footer_bottom":"default","ocean_custom_footer_template":"0","footnotes":""},"class_list":["post-1257","page","type-page","status-publish","hentry","entry"],"yoast_head":"<!-- This site is optimized with the Yoast SEO plugin v27.5 - https:\/\/yoast.com\/product\/yoast-seo-wordpress\/ -->\n<title>Qui s\u00f3c - The Andorran Investor<\/title>\n<meta name=\"robots\" content=\"index, follow, max-snippet:-1, max-image-preview:large, max-video-preview:-1\" \/>\n<link rel=\"canonical\" href=\"https:\/\/www.theandorraninvestor.eu\/ca\/qui-soc\/\" \/>\n<meta property=\"og:locale\" content=\"ca_ES\" \/>\n<meta property=\"og:type\" content=\"article\" \/>\n<meta property=\"og:title\" content=\"Qui s\u00f3c - The Andorran Investor\" \/>\n<meta property=\"og:description\" content=\"QUI HI HA AL DARRERE DE THE ANDORRAN INVESTOR? Salutacions. Em dic David i s\u00f3c un andorr\u00e0 prou gran com per a tenir moltes m\u00e9s canes que no voldria. Aquest \u00e9s el meu primer projecte comercial a internet i em fa molta il\u00b7lusi\u00f3 presentar-lo al m\u00f3n. Em van caldre m\u00e9s de sis mesos per a engegar-lo! https:\/\/youtu.be\/TBmiDeer-YI?si=5UuGviwjqmfEov21 Com aviat notar\u00e0s, si no ho has fet ja, aquest no \u00e9s un lloc de gamma alta amb un gran pressupost al darrere. No tenia diners (ni els tinc encara) per a llogar tota la gent que cal per a crear una p\u00e0gina web comercial triple A. Sense tenir-ne cap experi\u00e8ncia pr\u00e8via, he hagut d\u2019aprendre edici\u00f3 de v\u00eddeo, gesti\u00f3 de VPS, gesti\u00f3 de hosting web i una mica programaci\u00f3 de wordpress. No est\u00e0 gens malament per a alg\u00fa que no sap ni tenir un compte personal de Facebook. Per tant, si us plau, no siguis massa dur i dona\u2019m un vot de confian\u00e7a! ? Si vols saber m\u00e9s sobre la hist\u00f2ria que hi ha darrere de theandorraninvestor.eu, pots veure aquest v\u00eddeo de presentaci\u00f3 al meu\u00a0canal de Youtube. All\u00e0 en penjar\u00e9 de nous regularment. Tots els v\u00eddeos que trobar\u00e0s en aquest web o al meu canal estan subtitulats en castell\u00e0 i no en catal\u00e0. Subtitular \u00e9s una feinada que em treu molt de temps i ara mateix no em puc permetre de fer-ho per a una segona llengua. Disculpa\u2019m i no pensis en cap moment que la menyspreo, senzillament \u00e9s que, com que tots parlem tamb\u00e9 castell\u00e0, de moment prefereixo dedicar els meus esfor\u00e7os i temps limitat a mantenir aquest projecte viu. Merci per la teva comprensi\u00f3. Gr\u00e0cies per visitar el meu web i no dubtis a\u00a0contactar-me per a qualsevol consulta.\" \/>\n<meta property=\"og:url\" content=\"https:\/\/www.theandorraninvestor.eu\/ca\/qui-soc\/\" \/>\n<meta property=\"og:site_name\" content=\"The Andorran Investor\" \/>\n<meta property=\"article:modified_time\" content=\"2023-11-28T11:07:30+00:00\" \/>\n<meta name=\"twitter:card\" content=\"summary_large_image\" \/>\n<meta name=\"twitter:label1\" content=\"Temps estimat de lectura\" \/>\n\t<meta name=\"twitter:data1\" content=\"2 minuts\" \/>\n<script type=\"application\/ld+json\" class=\"yoast-schema-graph\">{\"@context\":\"https:\\\/\\\/schema.org\",\"@graph\":[{\"@type\":\"WebPage\",\"@id\":\"https:\\\/\\\/www.theandorraninvestor.eu\\\/ca\\\/qui-soc\\\/\",\"url\":\"https:\\\/\\\/www.theandorraninvestor.eu\\\/ca\\\/qui-soc\\\/\",\"name\":\"Qui s\u00f3c - The Andorran Investor\",\"isPartOf\":{\"@id\":\"https:\\\/\\\/www.theandorraninvestor.eu\\\/ca\\\/#website\"},\"datePublished\":\"2019-10-28T06:00:32+00:00\",\"dateModified\":\"2023-11-28T11:07:30+00:00\",\"breadcrumb\":{\"@id\":\"https:\\\/\\\/www.theandorraninvestor.eu\\\/ca\\\/qui-soc\\\/#breadcrumb\"},\"inLanguage\":\"ca\",\"potentialAction\":[{\"@type\":\"ReadAction\",\"target\":[\"https:\\\/\\\/www.theandorraninvestor.eu\\\/ca\\\/qui-soc\\\/\"]}]},{\"@type\":\"BreadcrumbList\",\"@id\":\"https:\\\/\\\/www.theandorraninvestor.eu\\\/ca\\\/qui-soc\\\/#breadcrumb\",\"itemListElement\":[{\"@type\":\"ListItem\",\"position\":1,\"name\":\"Home\",\"item\":\"https:\\\/\\\/www.theandorraninvestor.eu\\\/ca\\\/inici\\\/\"},{\"@type\":\"ListItem\",\"position\":2,\"name\":\"Qui s\u00f3c\"}]},{\"@type\":\"WebSite\",\"@id\":\"https:\\\/\\\/www.theandorraninvestor.eu\\\/ca\\\/#website\",\"url\":\"https:\\\/\\\/www.theandorraninvestor.eu\\\/ca\\\/\",\"name\":\"The Andorran Investor\",\"description\":\"www.theandorraninvestor.eu\",\"publisher\":{\"@id\":\"https:\\\/\\\/www.theandorraninvestor.eu\\\/ca\\\/#organization\"},\"potentialAction\":[{\"@type\":\"SearchAction\",\"target\":{\"@type\":\"EntryPoint\",\"urlTemplate\":\"https:\\\/\\\/www.theandorraninvestor.eu\\\/ca\\\/?s={search_term_string}\"},\"query-input\":{\"@type\":\"PropertyValueSpecification\",\"valueRequired\":true,\"valueName\":\"search_term_string\"}}],\"inLanguage\":\"ca\"},{\"@type\":\"Organization\",\"@id\":\"https:\\\/\\\/www.theandorraninvestor.eu\\\/ca\\\/#organization\",\"name\":\"The Andorran Investor\",\"url\":\"https:\\\/\\\/www.theandorraninvestor.eu\\\/ca\\\/\",\"logo\":{\"@type\":\"ImageObject\",\"inLanguage\":\"ca\",\"@id\":\"https:\\\/\\\/www.theandorraninvestor.eu\\\/ca\\\/#\\\/schema\\\/logo\\\/image\\\/\",\"url\":\"https:\\\/\\\/www.theandorraninvestor.eu\\\/wp-content\\\/uploads\\\/2019\\\/09\\\/cropped-Logo.png\",\"contentUrl\":\"https:\\\/\\\/www.theandorraninvestor.eu\\\/wp-content\\\/uploads\\\/2019\\\/09\\\/cropped-Logo.png\",\"width\":369,\"height\":88,\"caption\":\"The Andorran Investor\"},\"image\":{\"@id\":\"https:\\\/\\\/www.theandorraninvestor.eu\\\/ca\\\/#\\\/schema\\\/logo\\\/image\\\/\"}}]}<\/script>\n<!-- \/ Yoast SEO plugin. -->","yoast_head_json":{"title":"Qui s\u00f3c - The Andorran Investor","robots":{"index":"index","follow":"follow","max-snippet":"max-snippet:-1","max-image-preview":"max-image-preview:large","max-video-preview":"max-video-preview:-1"},"canonical":"https:\/\/www.theandorraninvestor.eu\/ca\/qui-soc\/","og_locale":"ca_ES","og_type":"article","og_title":"Qui s\u00f3c - The Andorran Investor","og_description":"QUI HI HA AL DARRERE DE THE ANDORRAN INVESTOR? Salutacions. Em dic David i s\u00f3c un andorr\u00e0 prou gran com per a tenir moltes m\u00e9s canes que no voldria. Aquest \u00e9s el meu primer projecte comercial a internet i em fa molta il\u00b7lusi\u00f3 presentar-lo al m\u00f3n. Em van caldre m\u00e9s de sis mesos per a engegar-lo! https:\/\/youtu.be\/TBmiDeer-YI?si=5UuGviwjqmfEov21 Com aviat notar\u00e0s, si no ho has fet ja, aquest no \u00e9s un lloc de gamma alta amb un gran pressupost al darrere. No tenia diners (ni els tinc encara) per a llogar tota la gent que cal per a crear una p\u00e0gina web comercial triple A. Sense tenir-ne cap experi\u00e8ncia pr\u00e8via, he hagut d\u2019aprendre edici\u00f3 de v\u00eddeo, gesti\u00f3 de VPS, gesti\u00f3 de hosting web i una mica programaci\u00f3 de wordpress. No est\u00e0 gens malament per a alg\u00fa que no sap ni tenir un compte personal de Facebook. Per tant, si us plau, no siguis massa dur i dona\u2019m un vot de confian\u00e7a! ? Si vols saber m\u00e9s sobre la hist\u00f2ria que hi ha darrere de theandorraninvestor.eu, pots veure aquest v\u00eddeo de presentaci\u00f3 al meu\u00a0canal de Youtube. All\u00e0 en penjar\u00e9 de nous regularment. Tots els v\u00eddeos que trobar\u00e0s en aquest web o al meu canal estan subtitulats en castell\u00e0 i no en catal\u00e0. Subtitular \u00e9s una feinada que em treu molt de temps i ara mateix no em puc permetre de fer-ho per a una segona llengua. Disculpa\u2019m i no pensis en cap moment que la menyspreo, senzillament \u00e9s que, com que tots parlem tamb\u00e9 castell\u00e0, de moment prefereixo dedicar els meus esfor\u00e7os i temps limitat a mantenir aquest projecte viu. Merci per la teva comprensi\u00f3. Gr\u00e0cies per visitar el meu web i no dubtis a\u00a0contactar-me per a qualsevol consulta.","og_url":"https:\/\/www.theandorraninvestor.eu\/ca\/qui-soc\/","og_site_name":"The Andorran Investor","article_modified_time":"2023-11-28T11:07:30+00:00","twitter_card":"summary_large_image","twitter_misc":{"Temps estimat de lectura":"2 minuts"},"schema":{"@context":"https:\/\/schema.org","@graph":[{"@type":"WebPage","@id":"https:\/\/www.theandorraninvestor.eu\/ca\/qui-soc\/","url":"https:\/\/www.theandorraninvestor.eu\/ca\/qui-soc\/","name":"Qui s\u00f3c - The Andorran Investor","isPartOf":{"@id":"https:\/\/www.theandorraninvestor.eu\/ca\/#website"},"datePublished":"2019-10-28T06:00:32+00:00","dateModified":"2023-11-28T11:07:30+00:00","breadcrumb":{"@id":"https:\/\/www.theandorraninvestor.eu\/ca\/qui-soc\/#breadcrumb"},"inLanguage":"ca","potentialAction":[{"@type":"ReadAction","target":["https:\/\/www.theandorraninvestor.eu\/ca\/qui-soc\/"]}]},{"@type":"BreadcrumbList","@id":"https:\/\/www.theandorraninvestor.eu\/ca\/qui-soc\/#breadcrumb","itemListElement":[{"@type":"ListItem","position":1,"name":"Home","item":"https:\/\/www.theandorraninvestor.eu\/ca\/inici\/"},{"@type":"ListItem","position":2,"name":"Qui s\u00f3c"}]},{"@type":"WebSite","@id":"https:\/\/www.theandorraninvestor.eu\/ca\/#website","url":"https:\/\/www.theandorraninvestor.eu\/ca\/","name":"The Andorran Investor","description":"www.theandorraninvestor.eu","publisher":{"@id":"https:\/\/www.theandorraninvestor.eu\/ca\/#organization"},"potentialAction":[{"@type":"SearchAction","target":{"@type":"EntryPoint","urlTemplate":"https:\/\/www.theandorraninvestor.eu\/ca\/?s={search_term_string}"},"query-input":{"@type":"PropertyValueSpecification","valueRequired":true,"valueName":"search_term_string"}}],"inLanguage":"ca"},{"@type":"Organization","@id":"https:\/\/www.theandorraninvestor.eu\/ca\/#organization","name":"The Andorran Investor","url":"https:\/\/www.theandorraninvestor.eu\/ca\/","logo":{"@type":"ImageObject","inLanguage":"ca","@id":"https:\/\/www.theandorraninvestor.eu\/ca\/#\/schema\/logo\/image\/","url":"https:\/\/www.theandorraninvestor.eu\/wp-content\/uploads\/2019\/09\/cropped-Logo.png","contentUrl":"https:\/\/www.theandorraninvestor.eu\/wp-content\/uploads\/2019\/09\/cropped-Logo.png","width":369,"height":88,"caption":"The Andorran Investor"},"image":{"@id":"https:\/\/www.theandorraninvestor.eu\/ca\/#\/schema\/logo\/image\/"}}]}},"_links":{"self":[{"href":"https:\/\/www.theandorraninvestor.eu\/ca\/wp-json\/wp\/v2\/pages\/1257","targetHints":{"allow":["GET"]}}],"collection":[{"href":"https:\/\/www.theandorraninvestor.eu\/ca\/wp-json\/wp\/v2\/pages"}],"about":[{"href":"https:\/\/www.theandorraninvestor.eu\/ca\/wp-json\/wp\/v2\/types\/page"}],"author":[{"embeddable":true,"href":"https:\/\/www.theandorraninvestor.eu\/ca\/wp-json\/wp\/v2\/users\/2"}],"replies":[{"embeddable":true,"href":"https:\/\/www.theandorraninvestor.eu\/ca\/wp-json\/wp\/v2\/comments?post=1257"}],"version-history":[{"count":26,"href":"https:\/\/www.theandorraninvestor.eu\/ca\/wp-json\/wp\/v2\/pages\/1257\/revisions"}],"predecessor-version":[{"id":5702,"href":"https:\/\/www.theandorraninvestor.eu\/ca\/wp-json\/wp\/v2\/pages\/1257\/revisions\/5702"}],"wp:attachment":[{"href":"https:\/\/www.theandorraninvestor.eu\/ca\/wp-json\/wp\/v2\/media?parent=1257"}],"curies":[{"name":"wp","href":"https:\/\/api.w.org\/{rel}","templated":true}]}}