{"id":1353,"date":"2019-10-30T06:06:49","date_gmt":"2019-10-30T06:06:49","guid":{"rendered":"https:\/\/www.theandorraninvestor.eu\/?page_id=1353"},"modified":"2021-02-27T10:10:36","modified_gmt":"2021-02-27T10:10:36","slug":"privacitat","status":"publish","type":"page","link":"https:\/\/www.theandorraninvestor.eu\/ca\/privacitat\/","title":{"rendered":"Privacitat i condicions d&#8217;\u00fas"},"content":{"rendered":"<h2>Privacitat<\/h2>\n<ul>\n<li>A trav\u00e9s d\u2019internet: la connexi\u00f3 SSL es fa servir per a comunicar-se amb el lloc web, la qual cosa significa que totes les dades personals que van a i des del lloc web estan xifrades i s\u00f3n segures.<\/li>\n<li>Tercers: la vostra adre\u00e7a de correu electr\u00f2nic mai no ser\u00e0 compartida ni venuda a tercers.<\/li>\n<\/ul>\n<h2>Galetes i emmagatzematge local<\/h2>\n<ul>\n<li>Per qu\u00e8? Les galetes s\u2019utilitzen per a emmagatzemar les dades de la sessi\u00f3, de manera que pots romandre connectat al lloc web. L\u2019emmagatzematge local es pot fer servir per a la mem\u00f2ria cau d\u2019algunes dades HTML perqu\u00e8 aquest emmagatzematge \u00e9s persistent i permet al voltant de 2 MB (o m\u00e9s) de dades.<\/li>\n<li>Dades personals: no s\u2019emmagatzemen dades sensibles a les galetes o a l&#8217;emmagatzematge local, com ara el vostre nom, contrasenya o correu electr\u00f2nic.<\/li>\n<li>Tercers: es poden fer servir alguns rastrejadors per a fer un seguiment dels visitants. Les galetes es poden utilitzar per a emmagatzemar les dades de les sessions del visitant. No en faig servir de Google, Facebook ni d&#8217;altres serveis de tercers globals.<\/li>\n<li>Emmagatzematge local: Si l\u2019emmagatzematge local est\u00e0 disponible al navegador, s\u2019utilitza per a guardar fitxers JavaScript, plantilles HTML i dades del sistema temporal.<\/li>\n<li>Ajuda i suport: qualsevol usuari pot demanar suport i\/o ajuda per a obtenir m\u00e9s informaci\u00f3. Provar\u00e9 de respondre abans de dos dies h\u00e0bils.<\/li>\n<\/ul>\n<h2>Diners i Pagaments<\/h2>\n<ul>\n<li>Pagaments: El meu lloc web accepta pagaments nom\u00e9s mitjan\u00e7ant un processador de diners de tercers a trav\u00e9s la seva passarel\u00b7la de pagaments. Quan facis un pagament, ser\u00e0s redirigits al seu lloc web. Theandorraninvestor.eu NO \u00e9s un processador de diners i no pot operar amb la teva targeta de cr\u00e8dit, compte bancari, etc., a m\u00e9s de no emmagatzemar aquesta informaci\u00f3.<\/li>\n<li>\u00c9s molt r\u00e0pid?: Els pagaments s\u2019acostumen a executar en pocs minuts, si no a l\u2019instant. El pagament s&#8217;hauria de completar abans les 24 hores seg\u00fcents. Si no \u00e9s el teu cas, contacteu amb el servei d\u2019assist\u00e8ncia del processador de diners.<\/li>\n<li>Pol\u00edtica de devoluci\u00f3 de diners: s\u00e9 que la meva pol\u00edtica de reemborsament de pagaments no \u00e9s especialment atractiva, per\u00f2 \u00e9s honesta i transparent. Reemborsar\u00e9 el pagament si, i nom\u00e9s si no s&#8217;ha arribat a la quantitat acordada de classes i el lloc web com ja no est\u00e0 operatiu. Reemborsament complet.<\/li>\n<li>Risc de p\u00e8rdua de diners: No s\u00f3c assessor financer. Cap informaci\u00f3 en aquest lloc web ha de ser interpretada ni considerada com a assessorament financer. No acceptar\u00e9 cap responsabilitat per qualsevol p\u00e8rdua que pugui donar-se, directament o indirecta, com a conseq\u00fc\u00e8ncia de l&#8217;\u00fas que es faci d&#8217;aquesta informaci\u00f3.<\/li>\n<\/ul>\n<p>&nbsp;<\/p>\n","protected":false},"excerpt":{"rendered":"<p>Privacitat A trav\u00e9s d\u2019internet: la connexi\u00f3 SSL es fa servir per a comunicar-se amb el lloc web, la qual cosa significa que totes les dades personals que van a i des del lloc web estan xifrades i s\u00f3n segures. Tercers: la vostra adre\u00e7a de correu electr\u00f2nic mai no ser\u00e0 compartida ni venuda a tercers. Galetes i emmagatzematge local Per qu\u00e8? Les galetes s\u2019utilitzen per a emmagatzemar les dades de la sessi\u00f3, de manera que pots romandre connectat al lloc web. L\u2019emmagatzematge local es pot fer servir per a la mem\u00f2ria cau d\u2019algunes dades HTML perqu\u00e8 aquest emmagatzematge \u00e9s persistent i permet al voltant de 2 MB (o m\u00e9s) de dades. Dades personals: no s\u2019emmagatzemen dades sensibles a les galetes o a l&#8217;emmagatzematge local, com ara el vostre nom, contrasenya o correu electr\u00f2nic. Tercers: es poden fer servir alguns rastrejadors per a fer un seguiment dels visitants. Les galetes es poden utilitzar per a emmagatzemar les dades de les sessions del visitant. No en faig servir de Google, Facebook ni d&#8217;altres serveis de tercers globals. Emmagatzematge local: Si l\u2019emmagatzematge local est\u00e0 disponible al navegador, s\u2019utilitza per a guardar fitxers JavaScript, plantilles HTML i dades del sistema temporal. Ajuda i suport: qualsevol usuari pot demanar suport i\/o ajuda per a obtenir m\u00e9s informaci\u00f3. Provar\u00e9 de respondre abans de dos dies h\u00e0bils. Diners i Pagaments Pagaments: El meu lloc web accepta pagaments nom\u00e9s mitjan\u00e7ant un processador de diners de tercers a trav\u00e9s la seva passarel\u00b7la de pagaments. Quan facis un pagament, ser\u00e0s redirigits al seu lloc web. Theandorraninvestor.eu NO \u00e9s un processador de diners i no pot operar amb la teva targeta de cr\u00e8dit, compte bancari, etc., a m\u00e9s de no emmagatzemar aquesta informaci\u00f3. \u00c9s molt r\u00e0pid?: Els pagaments s\u2019acostumen a executar en pocs minuts, si no a l\u2019instant. El pagament s&#8217;hauria de completar abans les 24 hores seg\u00fcents. Si no \u00e9s el teu cas, contacteu amb el servei d\u2019assist\u00e8ncia del processador de diners. Pol\u00edtica de devoluci\u00f3 de diners: s\u00e9 que la meva pol\u00edtica de reemborsament de pagaments no \u00e9s especialment atractiva, per\u00f2 \u00e9s honesta i transparent. Reemborsar\u00e9 el pagament si, i nom\u00e9s si no s&#8217;ha arribat a la quantitat acordada de classes i el lloc web com ja no est\u00e0 operatiu. Reemborsament complet. Risc de p\u00e8rdua de diners: No s\u00f3c assessor financer. Cap informaci\u00f3 en aquest lloc web ha de ser interpretada ni considerada com a assessorament financer. No acceptar\u00e9 cap responsabilitat per qualsevol p\u00e8rdua que pugui donar-se, directament o indirecta, com a conseq\u00fc\u00e8ncia de l&#8217;\u00fas que es faci d&#8217;aquesta informaci\u00f3. &nbsp;<\/p>\n","protected":false},"author":2,"featured_media":0,"parent":0,"menu_order":0,"comment_status":"closed","ping_status":"closed","template":"","meta":{"ocean_post_layout":"","ocean_both_sidebars_style":"","ocean_both_sidebars_content_width":0,"ocean_both_sidebars_sidebars_width":0,"ocean_sidebar":"","ocean_second_sidebar":"","ocean_disable_margins":"enable","ocean_add_body_class":"","ocean_shortcode_before_top_bar":"","ocean_shortcode_after_top_bar":"","ocean_shortcode_before_header":"","ocean_shortcode_after_header":"","ocean_has_shortcode":"","ocean_shortcode_after_title":"","ocean_shortcode_before_footer_widgets":"","ocean_shortcode_after_footer_widgets":"","ocean_shortcode_before_footer_bottom":"","ocean_shortcode_after_footer_bottom":"","ocean_display_top_bar":"default","ocean_display_header":"default","ocean_header_style":"","ocean_center_header_left_menu":"","ocean_custom_header_template":"","ocean_custom_logo":0,"ocean_custom_retina_logo":0,"ocean_custom_logo_max_width":0,"ocean_custom_logo_tablet_max_width":0,"ocean_custom_logo_mobile_max_width":0,"ocean_custom_logo_max_height":0,"ocean_custom_logo_tablet_max_height":0,"ocean_custom_logo_mobile_max_height":0,"ocean_header_custom_menu":"","ocean_menu_typo_font_family":"","ocean_menu_typo_font_subset":"","ocean_menu_typo_font_size":0,"ocean_menu_typo_font_size_tablet":0,"ocean_menu_typo_font_size_mobile":0,"ocean_menu_typo_font_size_unit":"px","ocean_menu_typo_font_weight":"","ocean_menu_typo_font_weight_tablet":"","ocean_menu_typo_font_weight_mobile":"","ocean_menu_typo_transform":"","ocean_menu_typo_transform_tablet":"","ocean_menu_typo_transform_mobile":"","ocean_menu_typo_line_height":0,"ocean_menu_typo_line_height_tablet":0,"ocean_menu_typo_line_height_mobile":0,"ocean_menu_typo_line_height_unit":"","ocean_menu_typo_spacing":0,"ocean_menu_typo_spacing_tablet":0,"ocean_menu_typo_spacing_mobile":0,"ocean_menu_typo_spacing_unit":"","ocean_menu_link_color":"","ocean_menu_link_color_hover":"","ocean_menu_link_color_active":"","ocean_menu_link_background":"","ocean_menu_link_hover_background":"","ocean_menu_link_active_background":"","ocean_menu_social_links_bg":"","ocean_menu_social_hover_links_bg":"","ocean_menu_social_links_color":"","ocean_menu_social_hover_links_color":"","ocean_disable_title":"default","ocean_disable_heading":"default","ocean_post_title":"","ocean_post_subheading":"","ocean_post_title_style":"","ocean_post_title_background_color":"","ocean_post_title_background":0,"ocean_post_title_bg_image_position":"","ocean_post_title_bg_image_attachment":"","ocean_post_title_bg_image_repeat":"","ocean_post_title_bg_image_size":"","ocean_post_title_height":0,"ocean_post_title_bg_overlay":0.5,"ocean_post_title_bg_overlay_color":"","ocean_disable_breadcrumbs":"default","ocean_breadcrumbs_color":"","ocean_breadcrumbs_separator_color":"","ocean_breadcrumbs_links_color":"","ocean_breadcrumbs_links_hover_color":"","ocean_display_footer_widgets":"default","ocean_display_footer_bottom":"default","ocean_custom_footer_template":"","footnotes":""},"class_list":["post-1353","page","type-page","status-publish","hentry","entry"],"yoast_head":"<!-- This site is optimized with the Yoast SEO plugin v27.5 - https:\/\/yoast.com\/product\/yoast-seo-wordpress\/ -->\n<title>Privacitat i condicions d&#039;\u00fas - The Andorran Investor<\/title>\n<meta name=\"robots\" content=\"index, follow, max-snippet:-1, max-image-preview:large, max-video-preview:-1\" \/>\n<link rel=\"canonical\" href=\"https:\/\/www.theandorraninvestor.eu\/ca\/privacitat\/\" \/>\n<meta property=\"og:locale\" content=\"ca_ES\" \/>\n<meta property=\"og:type\" content=\"article\" \/>\n<meta property=\"og:title\" content=\"Privacitat i condicions d&#039;\u00fas - The Andorran Investor\" \/>\n<meta property=\"og:description\" content=\"Privacitat A trav\u00e9s d\u2019internet: la connexi\u00f3 SSL es fa servir per a comunicar-se amb el lloc web, la qual cosa significa que totes les dades personals que van a i des del lloc web estan xifrades i s\u00f3n segures. Tercers: la vostra adre\u00e7a de correu electr\u00f2nic mai no ser\u00e0 compartida ni venuda a tercers. Galetes i emmagatzematge local Per qu\u00e8? Les galetes s\u2019utilitzen per a emmagatzemar les dades de la sessi\u00f3, de manera que pots romandre connectat al lloc web. L\u2019emmagatzematge local es pot fer servir per a la mem\u00f2ria cau d\u2019algunes dades HTML perqu\u00e8 aquest emmagatzematge \u00e9s persistent i permet al voltant de 2 MB (o m\u00e9s) de dades. Dades personals: no s\u2019emmagatzemen dades sensibles a les galetes o a l&#8217;emmagatzematge local, com ara el vostre nom, contrasenya o correu electr\u00f2nic. Tercers: es poden fer servir alguns rastrejadors per a fer un seguiment dels visitants. Les galetes es poden utilitzar per a emmagatzemar les dades de les sessions del visitant. No en faig servir de Google, Facebook ni d&#8217;altres serveis de tercers globals. Emmagatzematge local: Si l\u2019emmagatzematge local est\u00e0 disponible al navegador, s\u2019utilitza per a guardar fitxers JavaScript, plantilles HTML i dades del sistema temporal. Ajuda i suport: qualsevol usuari pot demanar suport i\/o ajuda per a obtenir m\u00e9s informaci\u00f3. Provar\u00e9 de respondre abans de dos dies h\u00e0bils. Diners i Pagaments Pagaments: El meu lloc web accepta pagaments nom\u00e9s mitjan\u00e7ant un processador de diners de tercers a trav\u00e9s la seva passarel\u00b7la de pagaments. Quan facis un pagament, ser\u00e0s redirigits al seu lloc web. Theandorraninvestor.eu NO \u00e9s un processador de diners i no pot operar amb la teva targeta de cr\u00e8dit, compte bancari, etc., a m\u00e9s de no emmagatzemar aquesta informaci\u00f3. \u00c9s molt r\u00e0pid?: Els pagaments s\u2019acostumen a executar en pocs minuts, si no a l\u2019instant. El pagament s&#8217;hauria de completar abans les 24 hores seg\u00fcents. Si no \u00e9s el teu cas, contacteu amb el servei d\u2019assist\u00e8ncia del processador de diners. Pol\u00edtica de devoluci\u00f3 de diners: s\u00e9 que la meva pol\u00edtica de reemborsament de pagaments no \u00e9s especialment atractiva, per\u00f2 \u00e9s honesta i transparent. Reemborsar\u00e9 el pagament si, i nom\u00e9s si no s&#8217;ha arribat a la quantitat acordada de classes i el lloc web com ja no est\u00e0 operatiu. Reemborsament complet. Risc de p\u00e8rdua de diners: No s\u00f3c assessor financer. Cap informaci\u00f3 en aquest lloc web ha de ser interpretada ni considerada com a assessorament financer. No acceptar\u00e9 cap responsabilitat per qualsevol p\u00e8rdua que pugui donar-se, directament o indirecta, com a conseq\u00fc\u00e8ncia de l&#8217;\u00fas que es faci d&#8217;aquesta informaci\u00f3. &nbsp;\" \/>\n<meta property=\"og:url\" content=\"https:\/\/www.theandorraninvestor.eu\/ca\/privacitat\/\" \/>\n<meta property=\"og:site_name\" content=\"The Andorran Investor\" \/>\n<meta property=\"article:modified_time\" content=\"2021-02-27T10:10:36+00:00\" \/>\n<meta name=\"twitter:card\" content=\"summary_large_image\" \/>\n<meta name=\"twitter:label1\" content=\"Temps estimat de lectura\" \/>\n\t<meta name=\"twitter:data1\" content=\"2 minuts\" \/>\n<script type=\"application\/ld+json\" class=\"yoast-schema-graph\">{\"@context\":\"https:\\\/\\\/schema.org\",\"@graph\":[{\"@type\":\"WebPage\",\"@id\":\"https:\\\/\\\/www.theandorraninvestor.eu\\\/ca\\\/privacitat\\\/\",\"url\":\"https:\\\/\\\/www.theandorraninvestor.eu\\\/ca\\\/privacitat\\\/\",\"name\":\"Privacitat i condicions d'\u00fas - The Andorran Investor\",\"isPartOf\":{\"@id\":\"https:\\\/\\\/www.theandorraninvestor.eu\\\/ca\\\/#website\"},\"datePublished\":\"2019-10-30T06:06:49+00:00\",\"dateModified\":\"2021-02-27T10:10:36+00:00\",\"breadcrumb\":{\"@id\":\"https:\\\/\\\/www.theandorraninvestor.eu\\\/ca\\\/privacitat\\\/#breadcrumb\"},\"inLanguage\":\"ca\",\"potentialAction\":[{\"@type\":\"ReadAction\",\"target\":[\"https:\\\/\\\/www.theandorraninvestor.eu\\\/ca\\\/privacitat\\\/\"]}]},{\"@type\":\"BreadcrumbList\",\"@id\":\"https:\\\/\\\/www.theandorraninvestor.eu\\\/ca\\\/privacitat\\\/#breadcrumb\",\"itemListElement\":[{\"@type\":\"ListItem\",\"position\":1,\"name\":\"Home\",\"item\":\"https:\\\/\\\/www.theandorraninvestor.eu\\\/ca\\\/inici\\\/\"},{\"@type\":\"ListItem\",\"position\":2,\"name\":\"Privacitat i condicions d&#8217;\u00fas\"}]},{\"@type\":\"WebSite\",\"@id\":\"https:\\\/\\\/www.theandorraninvestor.eu\\\/ca\\\/#website\",\"url\":\"https:\\\/\\\/www.theandorraninvestor.eu\\\/ca\\\/\",\"name\":\"The Andorran Investor\",\"description\":\"www.theandorraninvestor.eu\",\"publisher\":{\"@id\":\"https:\\\/\\\/www.theandorraninvestor.eu\\\/ca\\\/#organization\"},\"potentialAction\":[{\"@type\":\"SearchAction\",\"target\":{\"@type\":\"EntryPoint\",\"urlTemplate\":\"https:\\\/\\\/www.theandorraninvestor.eu\\\/ca\\\/?s={search_term_string}\"},\"query-input\":{\"@type\":\"PropertyValueSpecification\",\"valueRequired\":true,\"valueName\":\"search_term_string\"}}],\"inLanguage\":\"ca\"},{\"@type\":\"Organization\",\"@id\":\"https:\\\/\\\/www.theandorraninvestor.eu\\\/ca\\\/#organization\",\"name\":\"The Andorran Investor\",\"url\":\"https:\\\/\\\/www.theandorraninvestor.eu\\\/ca\\\/\",\"logo\":{\"@type\":\"ImageObject\",\"inLanguage\":\"ca\",\"@id\":\"https:\\\/\\\/www.theandorraninvestor.eu\\\/ca\\\/#\\\/schema\\\/logo\\\/image\\\/\",\"url\":\"https:\\\/\\\/www.theandorraninvestor.eu\\\/wp-content\\\/uploads\\\/2019\\\/09\\\/cropped-Logo.png\",\"contentUrl\":\"https:\\\/\\\/www.theandorraninvestor.eu\\\/wp-content\\\/uploads\\\/2019\\\/09\\\/cropped-Logo.png\",\"width\":369,\"height\":88,\"caption\":\"The Andorran Investor\"},\"image\":{\"@id\":\"https:\\\/\\\/www.theandorraninvestor.eu\\\/ca\\\/#\\\/schema\\\/logo\\\/image\\\/\"}}]}<\/script>\n<!-- \/ Yoast SEO plugin. -->","yoast_head_json":{"title":"Privacitat i condicions d'\u00fas - The Andorran Investor","robots":{"index":"index","follow":"follow","max-snippet":"max-snippet:-1","max-image-preview":"max-image-preview:large","max-video-preview":"max-video-preview:-1"},"canonical":"https:\/\/www.theandorraninvestor.eu\/ca\/privacitat\/","og_locale":"ca_ES","og_type":"article","og_title":"Privacitat i condicions d'\u00fas - The Andorran Investor","og_description":"Privacitat A trav\u00e9s d\u2019internet: la connexi\u00f3 SSL es fa servir per a comunicar-se amb el lloc web, la qual cosa significa que totes les dades personals que van a i des del lloc web estan xifrades i s\u00f3n segures. Tercers: la vostra adre\u00e7a de correu electr\u00f2nic mai no ser\u00e0 compartida ni venuda a tercers. Galetes i emmagatzematge local Per qu\u00e8? Les galetes s\u2019utilitzen per a emmagatzemar les dades de la sessi\u00f3, de manera que pots romandre connectat al lloc web. L\u2019emmagatzematge local es pot fer servir per a la mem\u00f2ria cau d\u2019algunes dades HTML perqu\u00e8 aquest emmagatzematge \u00e9s persistent i permet al voltant de 2 MB (o m\u00e9s) de dades. Dades personals: no s\u2019emmagatzemen dades sensibles a les galetes o a l&#8217;emmagatzematge local, com ara el vostre nom, contrasenya o correu electr\u00f2nic. Tercers: es poden fer servir alguns rastrejadors per a fer un seguiment dels visitants. Les galetes es poden utilitzar per a emmagatzemar les dades de les sessions del visitant. No en faig servir de Google, Facebook ni d&#8217;altres serveis de tercers globals. Emmagatzematge local: Si l\u2019emmagatzematge local est\u00e0 disponible al navegador, s\u2019utilitza per a guardar fitxers JavaScript, plantilles HTML i dades del sistema temporal. Ajuda i suport: qualsevol usuari pot demanar suport i\/o ajuda per a obtenir m\u00e9s informaci\u00f3. Provar\u00e9 de respondre abans de dos dies h\u00e0bils. Diners i Pagaments Pagaments: El meu lloc web accepta pagaments nom\u00e9s mitjan\u00e7ant un processador de diners de tercers a trav\u00e9s la seva passarel\u00b7la de pagaments. Quan facis un pagament, ser\u00e0s redirigits al seu lloc web. Theandorraninvestor.eu NO \u00e9s un processador de diners i no pot operar amb la teva targeta de cr\u00e8dit, compte bancari, etc., a m\u00e9s de no emmagatzemar aquesta informaci\u00f3. \u00c9s molt r\u00e0pid?: Els pagaments s\u2019acostumen a executar en pocs minuts, si no a l\u2019instant. El pagament s&#8217;hauria de completar abans les 24 hores seg\u00fcents. Si no \u00e9s el teu cas, contacteu amb el servei d\u2019assist\u00e8ncia del processador de diners. Pol\u00edtica de devoluci\u00f3 de diners: s\u00e9 que la meva pol\u00edtica de reemborsament de pagaments no \u00e9s especialment atractiva, per\u00f2 \u00e9s honesta i transparent. Reemborsar\u00e9 el pagament si, i nom\u00e9s si no s&#8217;ha arribat a la quantitat acordada de classes i el lloc web com ja no est\u00e0 operatiu. Reemborsament complet. Risc de p\u00e8rdua de diners: No s\u00f3c assessor financer. Cap informaci\u00f3 en aquest lloc web ha de ser interpretada ni considerada com a assessorament financer. No acceptar\u00e9 cap responsabilitat per qualsevol p\u00e8rdua que pugui donar-se, directament o indirecta, com a conseq\u00fc\u00e8ncia de l&#8217;\u00fas que es faci d&#8217;aquesta informaci\u00f3. &nbsp;","og_url":"https:\/\/www.theandorraninvestor.eu\/ca\/privacitat\/","og_site_name":"The Andorran Investor","article_modified_time":"2021-02-27T10:10:36+00:00","twitter_card":"summary_large_image","twitter_misc":{"Temps estimat de lectura":"2 minuts"},"schema":{"@context":"https:\/\/schema.org","@graph":[{"@type":"WebPage","@id":"https:\/\/www.theandorraninvestor.eu\/ca\/privacitat\/","url":"https:\/\/www.theandorraninvestor.eu\/ca\/privacitat\/","name":"Privacitat i condicions d'\u00fas - The Andorran Investor","isPartOf":{"@id":"https:\/\/www.theandorraninvestor.eu\/ca\/#website"},"datePublished":"2019-10-30T06:06:49+00:00","dateModified":"2021-02-27T10:10:36+00:00","breadcrumb":{"@id":"https:\/\/www.theandorraninvestor.eu\/ca\/privacitat\/#breadcrumb"},"inLanguage":"ca","potentialAction":[{"@type":"ReadAction","target":["https:\/\/www.theandorraninvestor.eu\/ca\/privacitat\/"]}]},{"@type":"BreadcrumbList","@id":"https:\/\/www.theandorraninvestor.eu\/ca\/privacitat\/#breadcrumb","itemListElement":[{"@type":"ListItem","position":1,"name":"Home","item":"https:\/\/www.theandorraninvestor.eu\/ca\/inici\/"},{"@type":"ListItem","position":2,"name":"Privacitat i condicions d&#8217;\u00fas"}]},{"@type":"WebSite","@id":"https:\/\/www.theandorraninvestor.eu\/ca\/#website","url":"https:\/\/www.theandorraninvestor.eu\/ca\/","name":"The Andorran Investor","description":"www.theandorraninvestor.eu","publisher":{"@id":"https:\/\/www.theandorraninvestor.eu\/ca\/#organization"},"potentialAction":[{"@type":"SearchAction","target":{"@type":"EntryPoint","urlTemplate":"https:\/\/www.theandorraninvestor.eu\/ca\/?s={search_term_string}"},"query-input":{"@type":"PropertyValueSpecification","valueRequired":true,"valueName":"search_term_string"}}],"inLanguage":"ca"},{"@type":"Organization","@id":"https:\/\/www.theandorraninvestor.eu\/ca\/#organization","name":"The Andorran Investor","url":"https:\/\/www.theandorraninvestor.eu\/ca\/","logo":{"@type":"ImageObject","inLanguage":"ca","@id":"https:\/\/www.theandorraninvestor.eu\/ca\/#\/schema\/logo\/image\/","url":"https:\/\/www.theandorraninvestor.eu\/wp-content\/uploads\/2019\/09\/cropped-Logo.png","contentUrl":"https:\/\/www.theandorraninvestor.eu\/wp-content\/uploads\/2019\/09\/cropped-Logo.png","width":369,"height":88,"caption":"The Andorran Investor"},"image":{"@id":"https:\/\/www.theandorraninvestor.eu\/ca\/#\/schema\/logo\/image\/"}}]}},"_links":{"self":[{"href":"https:\/\/www.theandorraninvestor.eu\/ca\/wp-json\/wp\/v2\/pages\/1353","targetHints":{"allow":["GET"]}}],"collection":[{"href":"https:\/\/www.theandorraninvestor.eu\/ca\/wp-json\/wp\/v2\/pages"}],"about":[{"href":"https:\/\/www.theandorraninvestor.eu\/ca\/wp-json\/wp\/v2\/types\/page"}],"author":[{"embeddable":true,"href":"https:\/\/www.theandorraninvestor.eu\/ca\/wp-json\/wp\/v2\/users\/2"}],"replies":[{"embeddable":true,"href":"https:\/\/www.theandorraninvestor.eu\/ca\/wp-json\/wp\/v2\/comments?post=1353"}],"version-history":[{"count":8,"href":"https:\/\/www.theandorraninvestor.eu\/ca\/wp-json\/wp\/v2\/pages\/1353\/revisions"}],"predecessor-version":[{"id":4422,"href":"https:\/\/www.theandorraninvestor.eu\/ca\/wp-json\/wp\/v2\/pages\/1353\/revisions\/4422"}],"wp:attachment":[{"href":"https:\/\/www.theandorraninvestor.eu\/ca\/wp-json\/wp\/v2\/media?parent=1353"}],"curies":[{"name":"wp","href":"https:\/\/api.w.org\/{rel}","templated":true}]}}